{"id":26,"date":"2016-09-10T18:38:55","date_gmt":"2016-09-10T17:38:55","guid":{"rendered":"https:\/\/deborahlovison.wordpress.com\/libri\/"},"modified":"2016-09-10T18:38:55","modified_gmt":"2016-09-10T17:38:55","slug":"libri","status":"publish","type":"page","link":"https:\/\/www.lovison.net\/index.php\/libri\/","title":{"rendered":"Libri"},"content":{"rendered":"<p>libro con c.d :\u00a0 ATTENDENDO NOE&#8217;<\/p>\n<p><img loading=\"lazy\" decoding=\"async\" class=\"alignnone size-medium wp-image-342\" src=\"https:\/\/i0.wp.com\/www.lovison.net\/wp-content\/uploads\/2017\/05\/cd-photo-5.jpeg?resize=225%2C300&#038;ssl=1\" alt=\"\" width=\"225\" height=\"300\" data-recalc-dims=\"1\" \/><img loading=\"lazy\" decoding=\"async\" class=\"alignnone size-medium wp-image-344\" src=\"https:\/\/i1.wp.com\/www.lovison.net\/wp-content\/uploads\/2017\/05\/cd-photo-7.jpeg?resize=225%2C300&#038;ssl=1\" alt=\"\" width=\"225\" height=\"300\" data-recalc-dims=\"1\" \/><\/p>\n<p>SINOSSI ATTENDENDO NOE&#8217;<\/p>\n<p>Questo libro con c.d. nasce dall\u2019integrazione tra modi diversi di essere e di esprimersi. Quando le parole suonano e si ricerca la concatenazione con la musica. Il libro, nella sua forma originale, nasce infatti accompagnato da un cd musicale con 8 brani nati dalla selezione di 8 poesie che sono state musicate da un\u2019artista siciliano, Salvatore Capizzi, e dalle quali \u00e8 stato tratto il cd.\u00a0 L\u2019autrice fedele alla fusione multilinguistica dell\u2019espressione artistica, sottolinea anche la composizione multigenere delle musiche, ideate dal Capizzi come un tour che integra lirica, pop e ritmi diversi.<\/p>\n<p>Per una comprensione internazionale dei testi, all\u2019interno del libro, le opere sono riportate anche in lingua straniera (inglese, francese e spagnolo).<\/p>\n<p>&nbsp;<\/p>\n<p>&nbsp;<\/p>\n<p style=\"text-align:center;\"><img loading=\"lazy\" decoding=\"async\" class=\"alignnone size-medium wp-image-347\" src=\"https:\/\/i1.wp.com\/www.lovison.net\/wp-content\/uploads\/2017\/05\/copertina-lovison.jpg?resize=300%2C212&#038;ssl=1\" alt=\"\" width=\"300\" height=\"212\" data-recalc-dims=\"1\" \/><img loading=\"lazy\" decoding=\"async\" class=\"alignnone size-medium wp-image-339\" src=\"https:\/\/i2.wp.com\/www.lovison.net\/wp-content\/uploads\/2017\/05\/cd-photo-2.jpeg?resize=300%2C300&#038;ssl=1\" alt=\"\" width=\"300\" height=\"300\" data-recalc-dims=\"1\" \/><\/p>\n<p>&nbsp;<\/p>\n<p>&nbsp;<\/p>\n<p>SINOSSI:\u00a0 SOTTO LA STELLA DI ALLAH<\/p>\n<p>Questa particolare raccolta di operette musicali, tendono in forma originale a dare un messaggio all&#8217;Umanit\u00c3\u00a0, che non esistono fedi o color di pelle a renderci diversi &#8230;<br \/>\nMa chi siamo proviene solo &#8230; dalla nostra profonda coscienza.<\/p>\n<p style=\"text-align:center;\"><img loading=\"lazy\" decoding=\"async\" class=\"alignnone size-medium wp-image-301\" src=\"https:\/\/i1.wp.com\/www.lovison.net\/wp-content\/uploads\/2017\/01\/sotto-la-stella-di-allah-cover-lovison-copia.jpg?resize=300%2C210&#038;ssl=1\" alt=\"\" width=\"300\" height=\"210\" data-recalc-dims=\"1\" \/><\/p>\n<p style=\"text-align:center;\"><img loading=\"lazy\" decoding=\"async\" class=\"alignnone size-medium wp-image-359\" src=\"https:\/\/i1.wp.com\/www.lovison.net\/wp-content\/uploads\/2017\/05\/musulmana-3.jpg?resize=225%2C300&#038;ssl=1\" alt=\"\" width=\"225\" height=\"300\" data-recalc-dims=\"1\" \/><img loading=\"lazy\" decoding=\"async\" class=\"alignnone size-medium wp-image-363\" src=\"https:\/\/i1.wp.com\/www.lovison.net\/wp-content\/uploads\/2017\/05\/sotto-la-stella-ritratto-5.jpg?resize=225%2C300&#038;ssl=1\" alt=\"\" width=\"225\" height=\"300\" data-recalc-dims=\"1\" \/><\/p>\n<p style=\"text-align:center;\">SINOSSI RETRO IN MUNDO<\/p>\n<p>In \u201cRetro in Mundo\u201d Deborah G. Lovison esplora i meandri della propria spiritualit\u00e0 attraverso una serie di visioni e riflessioni su Cristo e sul senso della Sua venuta sulla terra facendosi uomo.<\/p>\n<p>Un\u2019immagine ricorrente, e al tempo stesso angosciante, \u00e8 la visione di Cristo di spalle, visto dal retro, un Cristo che non vuole mostrare il proprio volto al mondo e all\u2019uomo.<\/p>\n<p>Un paradosso, a ben vedere, considerato che, il \u201cfarsi uomo\u201d ha avuto, tra l\u2019altro, la valenza di avvicinare l\u2019uomo a quel Dio severo e cupo ritratto nell\u2019Antico Testamento.<\/p>\n<p>Inutile dire, ovviamente, che si tratta del sentire dell\u2019autrice, che, attraverso quest\u2019immagine, descrive l\u2019eterna lotta interiore dell\u2019uomo tra la fede e il dubbio, tra il bene e il male, tra il credere, l\u2019affidarsi e l\u2019abbandonarsi al volto rassicurante di Cristo e il male che sembra regnare nel mondo e che pervade la societ\u00e0 in cui viviamo e che, in non poche occasioni, sembrerebbe la prova dell\u2019inesistenza di Cristo e della forza del Bene.<\/p>\n<p>Eppure tra visioni disperate e disperanti, talvolta blasfeme, talvolta colme d\u2019ira, dove tutto sembra perduto e il sacrificio di Cristo inutile -inutile tanto quanto l\u2019affannarsi nella Sua ricerca- irrompono con forza versi in cui la speranza riesce a farsi pi\u00f9 forte della disperazione, offrendo al lettore importanti spunti di riflessione e di introspezione.<\/p>\n<p>&nbsp;<\/p>\n<p><img loading=\"lazy\" decoding=\"async\" class=\"alignnone size-medium wp-image-374\" src=\"https:\/\/i2.wp.com\/www.lovison.net\/wp-content\/uploads\/2017\/05\/retro-in-mundo-cover-lovison-jpg.jpg?resize=300%2C210&#038;ssl=1\" alt=\"\" width=\"300\" height=\"210\" data-recalc-dims=\"1\" \/><\/p>\n<p>&nbsp;<\/p>\n<p style=\"text-align:center;\"><strong>SINOSSI : \u00a0 UN CUORE A CASSETTIERA<\/strong><\/p>\n<p>Questo libro di poesie, \u00e8 veramente speciale, inizia con poesie dedicate ai miei nonni, per poi continuare, con altri argomenti importanti di attualit\u00e0, l\u2019immigrazione, la marginazione\u00a0 sociale,<\/p>\n<p>il dolore, ma anche la gioia che ogni uomo porta nel Cuore, lasciando sempre quel tocco di sarcasmo per una leggera lettura di riflessione, ma sempre scritto con uno stile naif leggero e di facile comprensione, senza tralasciare la profondit\u00e0 degli argomenti trattati.<\/p>\n<p>&nbsp;<\/p>\n<p><img loading=\"lazy\" decoding=\"async\" class=\" wp-image-266 aligncenter\" src=\"https:\/\/i2.wp.com\/www.lovison.net\/wp-content\/uploads\/2017\/01\/jpg-lovison-pubblicato-un-cuore-a-cassettiera-copertina.png?resize=372%2C259&#038;ssl=1\" alt=\"jpg-lovison-pubblicato-un-cuore-a-cassettiera-copertina\" width=\"372\" height=\"259\" data-recalc-dims=\"1\" \/><\/p>\n<p>&nbsp;<\/p>\n<p>Questa meravigliosa, antica fotografia \u00e8 dei miei nonni,\u00a0\u00a0 Bonomi Luigi\u00a0 e\u00a0 Piacentini\u00a0 Irene<\/p>\n<p>Angeli, sempre presenti nel mio Cuore , e guide della mia Anima\u00a0 biricchina.<\/p>\n<p>Senza i loro insegnamenti, non sarei mai diventata una scrittrice interessante.<\/p>\n<p>\u00c8 solo\u00a0 grazie ai miei nonni\u00a0 se ho affinato la mia sensibilit\u00e0 nel vivere emotivamente la vita e trarne la consapevolezza che tutto possa essere facilmente, fantasticamente decifrabile.<\/p>\n<p><img loading=\"lazy\" decoding=\"async\" class=\" wp-image-267 aligncenter\" src=\"https:\/\/i2.wp.com\/www.lovison.net\/wp-content\/uploads\/2017\/01\/foto-albergo-magenta-milano-dei-miei-nonni2.jpeg?resize=226%2C311&#038;ssl=1\" alt=\"foto-albergo-magenta-milano-dei-miei-nonni\" width=\"226\" height=\"311\" data-recalc-dims=\"1\" \/><\/p>\n<p>&nbsp;<\/p>\n<p>&nbsp;<\/p>\n<p style=\"text-align:center;\"><strong>SINOSSI:\u00a0\u00a0 LA BAMBINA DI CRISTALLO<\/strong><\/p>\n<p style=\"text-align:center;\">( con book trailer in prossima visione )<\/p>\n<p><em>Salve, il mio nome \u00e8 Deborah e ormai sono anni che mi trovo inchiodata in questo letto d\u2019ospedale, bloccata da una paralisi.<\/em><\/p>\n<p><em>Sino a qualche tempo fa avevo una vita misera, eppure felice, perch\u00e9 tutte le rabbie, le frustrazioni, le scaricavo scrivendo storielle emozionali \u201cliberatorie\u201d e davo l\u2019incarico a qualcuno di trascriverle al pc per pochi euro.<\/em><\/p>\n<p><em>La mia penna parlava di tutto in modo graffiante e spesso, involontariamente, offensivo per chi per caso si ritrovava nel personaggio.<\/em><\/p>\n<p><em>Ma la mia passione superava ogni ostacolo e il giorno lavoravo per permettermi di scrivere la notte.<\/em><\/p>\n<p><em>Quei pochi amici mi chiamavano &#8220;bambina indaco&#8221; per via della mia eterna mente da fanciulla, rimasta leale e veritiera sino alla nausea.<\/em><\/p>\n<p><em>Solo di notte diventavo nei miei testi una violenta bastarda giudice del mondo.<\/em><\/p>\n<p><em>Non ho mai guadagnato un centesimo dalle vendite dei miei libri, anzi ne spendevo migliaia, e l\u2019unica sporadica consolazione era quando \u201cper far numero\u201d mi chiamavano a qualche rappresentazione.<\/em><\/p>\n<p><em>In quei momenti ero felice nel vedere gente che mi applaudiva urlando brava\u2026 ancora\u2026 raccontacene un\u2019altra.<\/em><\/p>\n<p><em>Solitamente per quelle occasioni raccontavo storie su animali estrapolando le pi\u00f9 etiche, delicate, ma sempre dal timbro emozionale e satirico nello stesso tempo. <\/em><\/p>\n<p><img loading=\"lazy\" decoding=\"async\" class=\" wp-image-87 aligncenter\" src=\"https:\/\/i2.wp.com\/www.lovison.net\/wp-content\/uploads\/2016\/09\/libro-5.jpg?resize=306%2C210&#038;ssl=1\" alt=\"libro-5\" width=\"306\" height=\"210\" data-recalc-dims=\"1\" \/><\/p>\n<p>&nbsp;<\/p>\n<p><img loading=\"lazy\" decoding=\"async\" class=\"alignnone size-medium wp-image-356\" src=\"https:\/\/i0.wp.com\/www.lovison.net\/wp-content\/uploads\/2017\/05\/casual-ritratto-2.jpg?resize=225%2C300&#038;ssl=1\" alt=\"\" width=\"225\" height=\"300\" data-recalc-dims=\"1\" \/><img loading=\"lazy\" decoding=\"async\" class=\"alignnone size-medium wp-image-357\" src=\"https:\/\/i1.wp.com\/www.lovison.net\/wp-content\/uploads\/2017\/05\/ritratto-barca.jpg?resize=300%2C289&#038;ssl=1\" alt=\"\" width=\"300\" height=\"289\" data-recalc-dims=\"1\" \/><\/p>\n<p>&nbsp;<\/p>\n<p>&nbsp;<\/p>\n<p style=\"text-align:center;\"><strong>SINOSSI : IL GIUSIZIO UNIVERSALE<\/strong><\/p>\n<p>Lo spazio non \u00e8 immaginabile. Luogo di confine, struttura immutabile, vivo! Debolmente illuminato dai Soli che si alternano, con un suono in sottofondo costante, udibile, dato dall\u2019esistenza dei pianeti, un battito continuo di rotazioni quasi eterne. Mi viene sempre difficile non cedere alla tentazione di recarmi nella cupola di osservazione e perdermi immerso nell\u2019immenso. Per fortuna il sistema di protezione dell\u2019astronave avvisa quando \u00e8 trascorso il limite di tempo e mi invita ad uscire, il pericolo di restare troppo qui dentro \u00e8 dimenticarsi di avere un corpo e lasciarsi cullare nell\u2019eterno di ci\u00f2 che la mente percepisce. Tutti quegli esseri che vivono nei pianeti, non attrezzati dalla tecnologia da poterli lasciare, non immaginano nemmeno quanto l\u2019esistenza di Dio sia innegabile nell\u2019avere Creato uno spazio dove non c\u2019\u00e8 nulla, eppure pulsa di vita.<u> <\/u><\/p>\n<p>&nbsp;<\/p>\n<p><img loading=\"lazy\" decoding=\"async\" class=\" wp-image-83 aligncenter\" src=\"https:\/\/i1.wp.com\/www.lovison.net\/wp-content\/uploads\/2016\/09\/libro-1.jpg?resize=356%2C247&#038;ssl=1\" alt=\"Il giudizio universale\" width=\"356\" height=\"247\" data-recalc-dims=\"1\" \/><\/p>\n<p>&nbsp;<\/p>\n<p>&nbsp;<\/p>\n<p>&nbsp;<\/p>\n<p style=\"text-align:center;\"><strong>SINOSSI : ISTRUZIONI PER ASPIRANTI SCRITTORI<\/strong><\/p>\n<p>Se un giorno quell\u2019editore non mi avesse letta e scelta, io oggi sarei nessuno.<\/p>\n<p>Se poi un altro scrittore di buon Cuore non mi avesse aiutata a correggermi e a consigliarmi, voi, miei cari aspiranti lettori, non avreste in mano questo libro.<\/p>\n<p>Ideato, costruito su esperienze dopo esperienze che mi hanno cos\u00ec tanto deluso da farmi passare la voglia di scribacchiare per anni.<\/p>\n<p>In questo manuale di istruzioni per aspiranti scrittori ho messo di tutto e di pi\u00f9 per potervi aiutare a non demordere in questa bellissima dote della scrittura, ricordandovi sempre che sono le idee quelle che contano, \u201ce in questo libro ne troverete molteplici\u201d ma oltre questo, purtroppo occorrono anche delle elementari nozioni per poterle realizzare.<\/p>\n<p>Non parlo di tecnica, esistono tanti libri specializzati che la insegnano, ma solo di consigli semplici per non cadere nei tranelli che uccidono la nostra vena artistica, il motore delle nostre idee e delle nostre creazioni.<\/p>\n<p>Con questo libro vi divertirete e imparerete a come difendervi da questo \u201cbel Mondo magico\u201d chiamato scrittura.<\/p>\n<p>&nbsp;<\/p>\n<p><img loading=\"lazy\" decoding=\"async\" class=\"wp-image-113 aligncenter\" src=\"https:\/\/i2.wp.com\/www.lovison.net\/wp-content\/uploads\/2017\/01\/istruzione-per-aspiranti-scrittori.png?resize=326%2C225&#038;ssl=1\" alt=\"istruzione-per-aspiranti-scrittori\" width=\"326\" height=\"225\" data-recalc-dims=\"1\" \/><\/p>\n<p>&nbsp;<\/p>\n<p>&nbsp;<\/p>\n<p>&nbsp;<\/p>\n<p style=\"text-align:center;\"><strong>SINOSSI : I QUATTRO DELL&#8217;AVE MARIA<\/strong><\/p>\n<p style=\"text-align:center;\">( con book trailer\u00a0 in prossima visione )<\/p>\n<p>Non tutte le persone del Mondo hanno la fortuna di poter arrivare alla fine dell\u2019esistenza in modo lineare, sereno, come quella che ci attendevamo nei primi anni di vita.<\/p>\n<p>Ma questo altalenante destino di Carlo, Fabio, Maly\u2019 e Sarah non \u00e8 fatto solo di disgrazie e frustrazioni, ma \u00e8 un percorso insolito, ai margini della societ\u00e0, nel quale loro imparano insieme a crescere, a capire cosa vuol dire volersi bene.<\/p>\n<p>Questo libro insolito di romanzo a operetta, di sfumature ricche di emozioni e di colpi di scena, potr\u00e0 far meditare i lettori in una suggestiva riflessione nella comprensione di quanto un karma, molte volte pesante e doloroso sia all\u2019ultimo miracoloso.<\/p>\n<p>Strade scelte per noi da Dio, strade che anche se pesanti e dolorose, guidano a quella inaspettata salvezza dell\u2019Anima.<\/p>\n<p>&nbsp;<\/p>\n<p><img loading=\"lazy\" decoding=\"async\" class=\" wp-image-86 aligncenter\" src=\"https:\/\/i0.wp.com\/www.lovison.net\/wp-content\/uploads\/2016\/09\/libro-4.jpg?resize=374%2C252&#038;ssl=1\" alt=\"libro-4\" width=\"374\" height=\"252\" data-recalc-dims=\"1\" \/><\/p>\n<p>&nbsp;<\/p>\n<p>&nbsp;<\/p>\n<p>&nbsp;<\/p>\n<p style=\"text-align:center;\"><strong>SINOSSI : SOGNI DI NUOVE FANTASIE<\/strong><\/p>\n<p>Sono una folle scrittrice, che ama l\u2019originalit\u00e0 e senza peli sulla lingua esprimo i miei pensieri.<\/p>\n<p>Nelle mie idee, forse vorr\u00f2 contestata, ma da qualcuno sar\u00f2 apprezzata.<\/p>\n<p>Il mio scrivere \u00e8 una sfida e amo essere anarchica \u201cal pi\u00f9 non posso\u201d per riflette che cosa ci vuol ancora insegnare questa vita di poli estremi.<\/p>\n<p>Vedo questo mondo distruggersi e porto nel Cuore, tanto dolore, ma io credo ancora che l\u2019uomo,<\/p>\n<p>possa\u2026 \u201canzi deve\u201d \u00a0ribellarsi da questa piovra, che ci tiene tutti incatenati in un incerto destino.<\/p>\n<p>Ma io\u2026 noi, \u00a0scrittori vi racconteremo la vita con mille\u00a0 colori\u2026come l\u2019arcobaleno!<\/p>\n<p>&nbsp;<\/p>\n<p><img loading=\"lazy\" decoding=\"async\" class=\" wp-image-91 aligncenter\" src=\"https:\/\/i2.wp.com\/www.lovison.net\/wp-content\/uploads\/2016\/09\/libro7.jpg?resize=337%2C233&#038;ssl=1\" alt=\"libro7\" width=\"337\" height=\"233\" data-recalc-dims=\"1\" \/><\/p>\n<p>&nbsp;<\/p>\n<p>&nbsp;<\/p>\n<p style=\"text-align:center;\"><strong>SINOSSI: STORIE D\u2019AMORE E DI ANARCHIA<\/strong><\/p>\n<p>Questa \u00e8 una raccolta di operette sotto forma di fantasiosa scrittura. Le sfumature percorrono i sentieri della leggerezza condita con un poco di humor che non guasta mai.<\/p>\n<p>Chi ha scritto questo testo crede fermamente che il dolore e le ingiustizie non debbano far dimenticare che la vita \u00e8 preziosa e che nonostante tutte le difficolt\u00e0, anche quando tutto sembra perduto, \u00e8 possibile trovare una luce dentro di s\u00e9, uno spiraglio che spezzi le tenebre, per superare il dolore, l&#8217;abbandono e la morte attraverso l&#8217;anarchico libero pensiero del Cuore, l&#8217;unico che pu\u00f2 aiutarci a sopravvivere nell&#8217;aridit\u00e0 del mondo.<\/p>\n<p><img loading=\"lazy\" decoding=\"async\" class=\"size-medium wp-image-207 aligncenter\" src=\"https:\/\/i1.wp.com\/www.lovison.net\/wp-content\/uploads\/2017\/01\/img-20170106-wa0027.jpg?resize=225%2C300&#038;ssl=1\" alt=\"img-20170106-wa0027\" width=\"225\" height=\"300\" data-recalc-dims=\"1\" \/><\/p>\n<p>&nbsp;<\/p>\n<p>&nbsp;<\/p>\n<p>&nbsp;<\/p>\n<p style=\"text-align:center;\"><strong>SINOSSI : C&#8217;E&#8217; POSTA PER VOI<\/strong><\/p>\n<p>Questo libro di poesie l\u2019ho pensato per me e per tutti gli scrittori, che con impegno e passione, donano il loro estro poetico, immaginario per far sorridere il lettore, con argomenti profondi\u2026<\/p>\n<p>Le guerre, il rapporto genitori figli e parte di una visione spirituale, simpaticamente anarchica.<\/p>\n<p>&nbsp;<\/p>\n<p><img loading=\"lazy\" decoding=\"async\" class=\" wp-image-89 aligncenter\" src=\"https:\/\/i1.wp.com\/www.lovison.net\/wp-content\/uploads\/2016\/09\/libro-8.jpg?resize=345%2C243&#038;ssl=1\" alt=\"libro-8\" width=\"345\" height=\"243\" data-recalc-dims=\"1\" \/><\/p>\n<p>&nbsp;<\/p>\n<p>&nbsp;<\/p>\n<p style=\"text-align:center;\"><strong>SINOSSI: IL CANTO DELL&#8217;ANIMA<\/strong><\/p>\n<p>Quando il mio sangue, si trasformer\u00e0 in acqua, vorr\u00e0 dire che \u00e8 arrivato quel giorno.<\/p>\n<p>Quell\u2019acqua, che piano piano, marcisce le viscere fino ad arrivare nelle ossa profonde.<\/p>\n<p>Quell\u2019acqua che ritorna nel terreno a generare nuova vita, quell\u2019acqua che quando evapora, sale sempre pi\u00f9 in alto, per raggiungere la Fonte.<\/p>\n<p>&nbsp;<\/p>\n<p>Quell\u2019acqua, che sempre gira nell\u2019Universo\u2026 inchiostro di questa mia penna.!<\/p>\n<p>Leggete e capirete\u2026<\/p>\n<p>&nbsp;<\/p>\n<p><img loading=\"lazy\" decoding=\"async\" class=\" wp-image-286 aligncenter\" src=\"https:\/\/i1.wp.com\/www.lovison.net\/wp-content\/uploads\/2017\/01\/lovison-il-canto-dellanima-aperta-intera.jpg?resize=372%2C259&#038;ssl=1\" alt=\"lovison-il-canto-dellanima-aperta-intera\" width=\"372\" height=\"259\" data-recalc-dims=\"1\" \/><\/p>\n<p>&nbsp;<\/p>\n<p>&nbsp;<\/p>\n<p>&nbsp;<\/p>\n<p>&nbsp;<\/p>\n<p style=\"text-align:center;\"><strong>SINOSSI : GIOIE E DOLORI PER TUTTI<\/strong><\/p>\n<p>Con tutto il mio Cuore questo libro, lo dedico a tutte le donne, che subiscono violenza, non solo dal compagno, ma soprattutto da questa societ\u00e0 sorda.<\/p>\n<p>Augurando a queste Anime, un pronto risveglio e tanto coraggio\u2026 per gridare :\u00a0 adesso basta!<\/p>\n<p>&nbsp;<\/p>\n<p><img loading=\"lazy\" decoding=\"async\" class=\" wp-image-84 aligncenter\" src=\"https:\/\/i1.wp.com\/www.lovison.net\/wp-content\/uploads\/2016\/09\/libro-2.jpg?resize=339%2C237&#038;ssl=1\" alt=\"libro-2\" width=\"339\" height=\"237\" data-recalc-dims=\"1\" \/><\/p>\n<p>&nbsp;<\/p>\n<p>&nbsp;<\/p>\n<p style=\"text-align:center;\"><strong>SINOSSI :\u00a0 NOI\u2026GUARDIANI DEL DESTINO<\/strong><\/p>\n<p>&nbsp;<\/p>\n<p>C\u2019era una volta, una bella Anima, che per paura di morire di fame, si dannava, l\u2019esistenza.<\/p>\n<p>Un giorno, lungo il cammino in una selva oscura, si incroci\u00f2 con il male.<\/p>\n<p>Quel male, irrequieto e insidioso, che rode il Cuore, che mangia il fegato.<\/p>\n<p>Fu una battaglia all\u2019ultimo sangue, tra la Pace e l\u2019affanno.<\/p>\n<p>E\u2026<\/p>\n<p>per tre denari, \u00a0vinse il male&#8230;<\/p>\n<p>Ma l\u2019Anima bella , risvegliandosi dal letargo,<\/p>\n<p>Disse al male:<\/p>\n<p>Ora ti far\u00f2 vedere io\u2026 e con carta e inchiostro conclam\u00f2 l\u2019inizio per un\u2019altra battaglia!<\/p>\n<p>Leggete e capirete\u2026<\/p>\n<p>&nbsp;<\/p>\n<p><img loading=\"lazy\" decoding=\"async\" class=\" wp-image-85 aligncenter\" src=\"https:\/\/i0.wp.com\/www.lovison.net\/wp-content\/uploads\/2016\/09\/libro-3.jpg?resize=334%2C231&#038;ssl=1\" alt=\"libro-3\" width=\"334\" height=\"231\" data-recalc-dims=\"1\" \/><\/p>\n<p>&nbsp;<\/p>\n<p style=\"text-align:center;\"><strong>\u00a0SINOSSI: TRAVIX INC<\/strong><\/p>\n<p style=\"text-align:left;\">Esiste un grattacelo chiamato TRAVIX I.N.C, \u00e8 alto e imponente e si trova nel Cuore di Manatthan.<\/p>\n<p style=\"text-align:left;\">Siamo nell\u2019era futuristica anno 2.158, quando il protagonista Gabriel decide di fare l\u2019esperienza della Pre-morte entrando nel grattacelo TRAVIX I.N.C, dove ritrover\u00e0 la sua Anima sconosciuta e osserver\u00e0 la storia di tante altre persone, che hanno scelto quel misterioso viaggio per lo stesso motivo.<\/p>\n<p style=\"text-align:center;\"><img loading=\"lazy\" decoding=\"async\" class=\"alignnone size-medium wp-image-294\" src=\"https:\/\/i1.wp.com\/www.lovison.net\/wp-content\/uploads\/2017\/01\/travix-inc.jpeg?resize=218%2C300&#038;ssl=1\" alt=\"travix-inc\" width=\"218\" height=\"300\" data-recalc-dims=\"1\" \/><img loading=\"lazy\" decoding=\"async\" class=\"alignnone size-medium wp-image-295\" src=\"https:\/\/i2.wp.com\/www.lovison.net\/wp-content\/uploads\/2017\/01\/travix-inc-retro.jpeg?resize=218%2C300&#038;ssl=1\" alt=\"travix-inc-retro\" width=\"218\" height=\"300\" data-recalc-dims=\"1\" \/><\/p>\n<p style=\"text-align:center;\"><strong>SINOSSI<\/strong><\/p>\n<p style=\"text-align:center;\">&#8230;&#8230;&#8230;&#8230;&#8230;&#8230;&#8230;&#8230;&#8230;&#8230;&#8230;&#8230;&#8230;&#8230;&#8230;&#8230;.<\/p>\n<p style=\"text-align:center;\"><img loading=\"lazy\" decoding=\"async\" class=\" wp-image-200 aligncenter\" src=\"https:\/\/i2.wp.com\/www.lovison.net\/wp-content\/uploads\/2017\/01\/una-vita-ritrovata-copertina.jpg?resize=278%2C383&#038;ssl=1\" alt=\"una-vita-ritrovata-copertina\" width=\"278\" height=\"383\" data-recalc-dims=\"1\" \/><\/p>\n<p style=\"text-align:center;\"><strong>SINOSSI<\/strong><\/p>\n<p style=\"text-align:center;\">&#8230;&#8230;&#8230;&#8230;&#8230;&#8230;&#8230;&#8230;&#8230;&#8230;&#8230;&#8230;&#8230;&#8230;&#8230;&#8230;&#8230;&#8230;&#8230;&#8230;&#8230;&#8230;..<\/p>\n<p style=\"text-align:center;\"><img loading=\"lazy\" decoding=\"async\" class=\"alignnone wp-image-201 aligncenter\" src=\"https:\/\/i1.wp.com\/www.lovison.net\/wp-content\/uploads\/2017\/01\/le-bianche-ore.jpeg?resize=239%2C329&#038;ssl=1\" alt=\"le-bianche-ore\" width=\"239\" height=\"329\" data-recalc-dims=\"1\" \/><\/p>\n<p style=\"text-align:center;\"><em><img loading=\"lazy\" decoding=\"async\" class=\"alignnone size-medium wp-image-170\" src=\"https:\/\/i2.wp.com\/www.lovison.net\/wp-content\/uploads\/2017\/01\/alfredo.jpeg?resize=218%2C300&#038;ssl=1\" alt=\"alfredo\" width=\"218\" height=\"300\" data-recalc-dims=\"1\" \/><\/em><\/p>\n<p style=\"text-align:center;\"><em><img loading=\"lazy\" decoding=\"async\" class=\"alignnone size-medium wp-image-172\" src=\"https:\/\/i0.wp.com\/www.lovison.net\/wp-content\/uploads\/2017\/01\/la-terra-impazzita.jpeg?resize=218%2C300&#038;ssl=1\" alt=\"la-terra-impazzita\" width=\"218\" height=\"300\" data-recalc-dims=\"1\" \/><\/em><\/p>\n<p style=\"text-align:center;\"><img loading=\"lazy\" decoding=\"async\" class=\"alignnone size-medium wp-image-171\" src=\"https:\/\/i1.wp.com\/www.lovison.net\/wp-content\/uploads\/2017\/01\/il-pazzo-intelligente.jpeg?resize=218%2C300&#038;ssl=1\" alt=\"il-pazzo-intelligente\" width=\"218\" height=\"300\" data-recalc-dims=\"1\" \/><\/p>\n<p style=\"text-align:center;\"><img loading=\"lazy\" decoding=\"async\" class=\"alignnone size-medium wp-image-173\" src=\"https:\/\/i1.wp.com\/www.lovison.net\/wp-content\/uploads\/2017\/01\/kikko.jpeg?resize=218%2C300&#038;ssl=1\" alt=\"kikko\" width=\"218\" height=\"300\" data-recalc-dims=\"1\" \/><\/p>\n<p style=\"text-align:center;\"><img loading=\"lazy\" decoding=\"async\" class=\"alignnone size-medium wp-image-242\" src=\"https:\/\/i2.wp.com\/www.lovison.net\/wp-content\/uploads\/2017\/01\/davide.jpeg?resize=300%2C218&#038;ssl=1\" alt=\"davide\" width=\"300\" height=\"218\" data-recalc-dims=\"1\" \/><\/p>\n<hr \/>\n<p style=\"text-align:center;\"><em>(<\/em>descrizione<em>)<\/em><\/p>\n<p style=\"text-align:center;\"><img loading=\"lazy\" decoding=\"async\" class=\" wp-image-181 aligncenter\" src=\"https:\/\/i1.wp.com\/www.lovison.net\/wp-content\/uploads\/2017\/01\/n2-diversamentemare-11.jpg?resize=224%2C317&#038;ssl=1\" alt=\"n2-diversamentemare-1\" width=\"224\" height=\"317\" data-recalc-dims=\"1\" \/><\/p>\n<p style=\"text-align:center;\"><em><strong>Diversa-mente stile noir. Emozionale. Satirico<\/strong>: La prima parte \u00e8 dedicata alla misteriosa saggezza delle malattie mentali. La seconda parte \u00e8 indirizzata a tutte le donne, vittime &#8220;o a volte carnefici&#8221; della loro femminilit\u00e0. Questi racconti nell&#8217;originalit\u00e0 delle esperienze scritte, rivelano il punto di contatto fra il senso della vita e l&#8217;illusione della stessa, in un percorso &#8220;di pura realt\u00e0&#8221; dove il lettore viene accompagnato, attraverso favole crudeli, al sollievo di una morale salvifica.<\/em><\/p>\n<p style=\"text-align:center;\"><img loading=\"lazy\" decoding=\"async\" class=\" wp-image-169 aligncenter\" src=\"https:\/\/i1.wp.com\/www.lovison.net\/wp-content\/uploads\/2017\/01\/diversa-mente.jpeg?resize=249%2C344&#038;ssl=1\" alt=\"diversa-mente\" width=\"249\" height=\"344\" data-recalc-dims=\"1\" \/><\/p>\n<p style=\"text-align:center;\"><em>\u00a0<\/em><\/p>\n<p style=\"text-align:center;\">( DESCRIZIONE )<\/p>\n<p style=\"text-align:center;\"><img loading=\"lazy\" decoding=\"async\" class=\"alignnone wp-image-231\" src=\"https:\/\/i1.wp.com\/www.lovison.net\/wp-content\/uploads\/2017\/01\/2014-12-2_10-9-16-tuttoq_poeti2015.jpg?resize=259%2C407&#038;ssl=1\" alt=\"2014-12-2_10-9-16-tuttoq_poeti2015\" width=\"259\" height=\"407\" data-recalc-dims=\"1\" \/><\/p>\n<p style=\"text-align:center;\"><em>(<\/em>descrizione<em>)<\/em><\/p>\n","protected":false},"excerpt":{"rendered":"<p>libro con c.d :\u00a0 ATTENDENDO NOE&#8217; SINOSSI ATTENDENDO NOE&#8217; Questo libro con c.d. nasce dall\u2019integrazione tra modi diversi di essere e di esprimersi. Quando le parole suonano e si ricerca la concatenazione con la musica. Il libro, nella sua forma originale, nasce infatti accompagnato da un cd musicale con 8 brani nati dalla selezione di [&hellip;]<\/p>\n","protected":false},"author":1,"featured_media":134,"parent":0,"menu_order":0,"comment_status":"closed","ping_status":"closed","template":"","meta":{"spay_email":"","footnotes":""},"class_list":["post-26","page","type-page","status-publish","has-post-thumbnail","hentry"],"_links":{"self":[{"href":"https:\/\/www.lovison.net\/index.php\/wp-json\/wp\/v2\/pages\/26","targetHints":{"allow":["GET"]}}],"collection":[{"href":"https:\/\/www.lovison.net\/index.php\/wp-json\/wp\/v2\/pages"}],"about":[{"href":"https:\/\/www.lovison.net\/index.php\/wp-json\/wp\/v2\/types\/page"}],"author":[{"embeddable":true,"href":"https:\/\/www.lovison.net\/index.php\/wp-json\/wp\/v2\/users\/1"}],"replies":[{"embeddable":true,"href":"https:\/\/www.lovison.net\/index.php\/wp-json\/wp\/v2\/comments?post=26"}],"version-history":[{"count":0,"href":"https:\/\/www.lovison.net\/index.php\/wp-json\/wp\/v2\/pages\/26\/revisions"}],"wp:featuredmedia":[{"embeddable":true,"href":"https:\/\/www.lovison.net\/index.php\/wp-json\/wp\/v2\/media\/134"}],"wp:attachment":[{"href":"https:\/\/www.lovison.net\/index.php\/wp-json\/wp\/v2\/media?parent=26"}],"curies":[{"name":"wp","href":"https:\/\/api.w.org\/{rel}","templated":true}]}}