{"id":9,"date":"2016-09-10T16:55:52","date_gmt":"2016-09-10T16:55:52","guid":{"rendered":"https:\/\/deborahlovison.wordpress.com\/?page_id=5"},"modified":"2016-09-10T16:55:52","modified_gmt":"2016-09-10T16:55:52","slug":"home","status":"publish","type":"page","link":"https:\/\/www.lovison.net\/index.php\/home\/","title":{"rendered":"Home"},"content":{"rendered":"<p><img loading=\"lazy\" decoding=\"async\" class=\"alignnone size-medium wp-image-43 aligncenter\" src=\"https:\/\/i2.wp.com\/www.lovison.net\/wp-content\/uploads\/2016\/09\/pp.jpg?resize=300%2C300&#038;ssl=1\" alt=\"pp\" width=\"300\" height=\"300\" data-recalc-dims=\"1\" \/><\/p>\n<p>&nbsp;<\/p>\n<p>L\u2019autrice Deborah G. Lovison \u00e8 nata a Milano \u00a0e vive in Sicilia da pi\u00f9 di 25 anni. Gi\u00e0 dall&#8217;et\u00e0 di otto anni scriveva le prime storie e poesie, per colorare una vita troppo grigia. Vive gli anni 70\u00a0 crescendo in una generazione di protesta e contestazione, partecipando alle lotte sociali in una cornice anarchica che poi le fa scoprire che lasciava il tempo che trovava.\u00a0 Si definisce pensiero, parola, emozione ed esperienza. Le combinazioni della vita la portano nel profondo sud: una Sicilia che ama e odia come tutti quelli che ne hanno a che fare.\u00a0 Cos\u00ec passa met\u00e0 della sua vita in un mondo organizzato e regolare fin troppo meccanico ad uno pi\u00f9 colorato, folle e disorganizzato.<\/p>\n<p>Tutto questo si riflette nei Suoi scritti\u00a0 dove estrae puntualmente verit\u00e0 nascoste, inaccettabili segreti umani, facendo un&#8217; ironia aggrumata, profumata e aspra.<\/p>\n<p>Oggi matura la consapevolezza che \u201cnon esiste pi\u00f9 una differenza tra Nord e Sud, e precisamente non esistono pi\u00f9 differenze: bello, buono, cattivo, ricco, povero\u201d.<\/p>\n<p>\u201cIo sono l&#8217;amalgama di tutto ci\u00f2 che ho vissuto, che ho incontrato, che sono stata. Io sono oggi il lievito madre di ogni mia torta\u201d.<\/p>\n<p>Tra i suoi libri: 2005\u00a0 Una vita ritrovata, casa editrice Ferdico;\u00a0 2014\u00a0 Diversa\u2013Mente, casa editrice Adef;\u00a0 2014\u00a0 Le bianche ore,\u00a0 casa editrice Adef; 2014\u00a0 Diversamente Mare, casa editrice Adef;\u00a0 2015\u00a0 Antologia Poeti Italiani, casa editrice Kimerik; 2015\u00a0 Travix Inc, casa editrice EVE; 2015 La bambina di Cristallo, casa editrice Cavinato International;\u00a0 2015\u00a0 Il Giudizio Universale; casa editrice Cavinato International; 2015 Un Cuore a cassettiera, casa editrice Cavinato International; 2015 C&#8217;\u00e8 posta per voi, casa editrice\u00a0 Cavinato International; 2016 Sogni di nuove fantasie, casa editrice Cavinato International; 2016 Gioie e dolori per tutti, casa editrice Cavinato International; 2016 I quattro dell&#8217;ave maria, casa editrice Cavinato International; 2016 Istruzioni per aspiranti scrittori, casa editrice Cavinato International; 2016 Storie d&#8217;amore e di anarchia, casa editrice Cavinato International; 2016\u00a0 Casse sonore, casa editrice Cavinato International; 2016 L\u2019impero dei sogni e dei sensi, casa editrice Cavinato International. 2016 Il cielo pu\u00f2 ancora attendere, casa editrice Cavinato International; 2016 Retro in mundo, casa editrice Cavinato International; Sotto la stella di Allah,\u00a0 casa editrice Cavinato International.<\/p>\n<p>Benvenuti nel mio sito<\/p>\n","protected":false},"excerpt":{"rendered":"<p>This is the home page&#8217;s excerpt<\/p>\n","protected":false},"author":1,"featured_media":132,"parent":0,"menu_order":0,"comment_status":"closed","ping_status":"closed","template":"","meta":{"spay_email":"","footnotes":""},"class_list":["post-9","page","type-page","status-publish","has-post-thumbnail","hentry"],"_links":{"self":[{"href":"https:\/\/www.lovison.net\/index.php\/wp-json\/wp\/v2\/pages\/9","targetHints":{"allow":["GET"]}}],"collection":[{"href":"https:\/\/www.lovison.net\/index.php\/wp-json\/wp\/v2\/pages"}],"about":[{"href":"https:\/\/www.lovison.net\/index.php\/wp-json\/wp\/v2\/types\/page"}],"author":[{"embeddable":true,"href":"https:\/\/www.lovison.net\/index.php\/wp-json\/wp\/v2\/users\/1"}],"replies":[{"embeddable":true,"href":"https:\/\/www.lovison.net\/index.php\/wp-json\/wp\/v2\/comments?post=9"}],"version-history":[{"count":0,"href":"https:\/\/www.lovison.net\/index.php\/wp-json\/wp\/v2\/pages\/9\/revisions"}],"wp:featuredmedia":[{"embeddable":true,"href":"https:\/\/www.lovison.net\/index.php\/wp-json\/wp\/v2\/media\/132"}],"wp:attachment":[{"href":"https:\/\/www.lovison.net\/index.php\/wp-json\/wp\/v2\/media?parent=9"}],"curies":[{"name":"wp","href":"https:\/\/api.w.org\/{rel}","templated":true}]}}